{"id":24,"date":"2021-11-11T19:52:14","date_gmt":"2021-11-11T18:52:14","guid":{"rendered":"http:\/\/acroleague.com\/?page_id=24"},"modified":"2023-09-11T17:21:23","modified_gmt":"2023-09-11T15:21:23","slug":"strona-glowna","status":"publish","type":"page","link":"https:\/\/acroleague.com\/","title":{"rendered":"Strona g\u0142\u00f3wna"},"content":{"rendered":"\t\t<div data-elementor-type=\"wp-page\" data-elementor-id=\"24\" class=\"elementor elementor-24\">\n\t\t\t\t\t\t\t\t\t<section class=\"elementor-section elementor-top-section elementor-element elementor-element-710b423d elementor-section-boxed elementor-section-height-default elementor-section-height-default\" data-id=\"710b423d\" data-element_type=\"section\">\n\t\t\t\t\t\t<div class=\"elementor-container elementor-column-gap-default\">\n\t\t\t\t\t<div class=\"elementor-column elementor-col-100 elementor-top-column elementor-element elementor-element-25687be0\" data-id=\"25687be0\" data-element_type=\"column\">\n\t\t\t<div class=\"elementor-widget-wrap elementor-element-populated\">\n\t\t\t\t\t\t\t\t<div class=\"elementor-element elementor-element-24b9ee2 elementor-widget elementor-widget-heading\" data-id=\"24b9ee2\" data-element_type=\"widget\" data-widget_type=\"heading.default\">\n\t\t\t\t<div class=\"elementor-widget-container\">\n\t\t\t<style>\/*! elementor - v3.15.0 - 20-08-2023 *\/\n.elementor-heading-title{padding:0;margin:0;line-height:1}.elementor-widget-heading .elementor-heading-title[class*=elementor-size-]>a{color:inherit;font-size:inherit;line-height:inherit}.elementor-widget-heading .elementor-heading-title.elementor-size-small{font-size:15px}.elementor-widget-heading .elementor-heading-title.elementor-size-medium{font-size:19px}.elementor-widget-heading .elementor-heading-title.elementor-size-large{font-size:29px}.elementor-widget-heading .elementor-heading-title.elementor-size-xl{font-size:39px}.elementor-widget-heading .elementor-heading-title.elementor-size-xxl{font-size:59px}<\/style><h2 class=\"elementor-heading-title elementor-size-default\">O\u015bwiadczenie Rodzica<\/h2>\t\t<\/div>\n\t\t\t\t<\/div>\n\t\t\t\t<div class=\"elementor-element elementor-element-a212635 elementor-hidden-desktop elementor-hidden-tablet elementor-hidden-mobile elementor-widget elementor-widget-shortcode\" data-id=\"a212635\" data-element_type=\"widget\" data-widget_type=\"shortcode.default\">\n\t\t\t\t<div class=\"elementor-widget-container\">\n\t\t\t\t\t<div class=\"elementor-shortcode\"><iframe loading=\"lazy\" class=\"wonderplugin-pdf-iframe\" src=\"https:\/\/acroleague.com\/wp-content\/plugins\/wonderplugin-pdf-embed\/pdfjslight\/web\/viewer.html?v=2&disablerightclick=1&file=https:\/\/acroleague.com\/wp-content\/uploads\/2022\/04\/558409380-Oswiadczenie-Rodzica-AcroLeague2.pdf\" width=\"100%\" height=\"600px\" style=\"border:0;\"><\/iframe><\/div>\n\t\t\t\t<\/div>\n\t\t\t\t<\/div>\n\t\t\t\t<div class=\"elementor-element elementor-element-48434e0 elementor-hidden-desktop elementor-hidden-tablet elementor-hidden-mobile elementor-widget elementor-widget-html\" data-id=\"48434e0\" data-element_type=\"widget\" data-widget_type=\"html.default\">\n\t\t\t\t<div class=\"elementor-widget-container\">\n\t\t\t<p  style=\" margin: 12px auto 6px auto; font-family: Helvetica,Arial,Sans-serif; font-style: normal; font-variant: normal; font-weight: normal; font-size: 14px; line-height: normal; font-size-adjust: none; font-stretch: normal; -x-system-font: none; display: block;\">   <a title=\"View Komunikat_AcroLeague_2 on Scribd\" href=\"https:\/\/www.scribd.com\/document\/558409292\/Komunikat-AcroLeague-2#from_embed\"  style=\"text-decoration: underline;\" >Komunikat_AcroLeague_2<\/a> by <a title=\"View Emotions Production's profile on Scribd\" href=\"https:\/\/www.scribd.com\/user\/470919494\/Emotions-Production#from_embed\"  style=\"text-decoration: underline;\" >Emotions Production<\/a> on Scribd<\/p><iframe loading=\"lazy\" class=\"scribd_iframe_embed\" title=\"Komunikat_AcroLeague_2\" src=\"https:\/\/www.scribd.com\/embeds\/558409292\/content?start_page=1&view_mode=scroll&access_key=key-uP7oR3eiYma08BstN9NW\" data-auto-height=\"false\" data-aspect-ratio=\"0.7105678233438486\" scrolling=\"no\" id=\"doc_45687\" width=\"100%\" height=\"600\" frameborder=\"0\"><\/iframe>\t\t<\/div>\n\t\t\t\t<\/div>\n\t\t\t\t<div class=\"elementor-element elementor-element-e891bda elementor-hidden-desktop elementor-hidden-tablet elementor-hidden-mobile elementor-widget elementor-widget-html\" data-id=\"e891bda\" data-element_type=\"widget\" data-widget_type=\"html.default\">\n\t\t\t\t<div class=\"elementor-widget-container\">\n\t\t\t<p  style=\" margin: 12px auto 6px auto; font-family: Helvetica,Arial,Sans-serif; font-style: normal; font-variant: normal; font-weight: normal; font-size: 14px; line-height: normal; font-size-adjust: none; font-stretch: normal; -x-system-font: none; display: block;\">   <a title=\"View Oswiadczenie Rodzica AcroLeague2 on Scribd\" href=\"https:\/\/www.scribd.com\/document\/558409380\/Oswiadczenie-Rodzica-AcroLeague2#from_embed\"  style=\"text-decoration: underline;\" >Oswiadczenie Rodzica AcroLeague2<\/a> by <a title=\"View Emotions Production's profile on Scribd\" href=\"https:\/\/www.scribd.com\/user\/470919494\/Emotions-Production#from_embed\"  style=\"text-decoration: underline;\" >Emotions Production<\/a> on Scribd<\/p><iframe loading=\"lazy\" class=\"scribd_iframe_embed\" title=\"Oswiadczenie Rodzica AcroLeague2\" src=\"https:\/\/www.scribd.com\/embeds\/558409380\/content?start_page=1&view_mode=scroll&access_key=key-WZHd6Z4YNsFRrAtdMJrP\" data-auto-height=\"false\" data-aspect-ratio=\"0.7105678233438486\" scrolling=\"no\" id=\"doc_49344\" width=\"100%\" height=\"600\" frameborder=\"0\"><\/iframe>\t\t<\/div>\n\t\t\t\t<\/div>\n\t\t\t\t<div class=\"elementor-element elementor-element-3f9c1128 elementor-widget elementor-widget-text-editor\" data-id=\"3f9c1128\" data-element_type=\"widget\" data-widget_type=\"text-editor.default\">\n\t\t\t\t<div class=\"elementor-widget-container\">\n\t\t\t<style>\/*! elementor - v3.15.0 - 20-08-2023 *\/\n.elementor-widget-text-editor.elementor-drop-cap-view-stacked .elementor-drop-cap{background-color:#69727d;color:#fff}.elementor-widget-text-editor.elementor-drop-cap-view-framed .elementor-drop-cap{color:#69727d;border:3px solid;background-color:transparent}.elementor-widget-text-editor:not(.elementor-drop-cap-view-default) .elementor-drop-cap{margin-top:8px}.elementor-widget-text-editor:not(.elementor-drop-cap-view-default) .elementor-drop-cap-letter{width:1em;height:1em}.elementor-widget-text-editor .elementor-drop-cap{float:left;text-align:center;line-height:1;font-size:50px}.elementor-widget-text-editor .elementor-drop-cap-letter{display:inline-block}<\/style>\t\t\t\t<!-- wp:cover {\"overlayColor\":\"white\",\"minHeight\":500,\"minHeightUnit\":\"px\",\"align\":\"center\",\"className\":\"hestia-clear-top-padding\"} -->\n<div class=\"wp-block-cover aligncenter has-white-background-color has-background-dim hestia-clear-top-padding\" style=\"min-height: 500px;\">\n<div class=\"wp-block-cover__inner-container\"><!-- wp:heading {\"className\":\"has-text-align-center\",\"style\":{\"color\":{\"text\":\"#3c4858\"}}} -->\n<h1 class=\"has-text-align-center has-text-color\" style=\"color: #3c4858;\">Czym jest Acro League?<\/h1>\n<!-- \/wp:heading --><!-- wp:paragraph {\"align\":\"center\",\"textColor\":\"black\"} -->\n<p class=\"has-text-align-center has-black-color has-text-color\">Akrobatyka to jedna z dyscyplin sportu gimnastycznego, kt\u00f3rej dynamiczny rozw\u00f3j w Polsce i na \u015bwiecie si\u0119ga pocz\u0105tku XX wieku i trwa do chwili obecnej. Dyscyplina ta rozwija koordynacj\u0119 ruchow\u0105, zwinno\u015b\u0107 i gibko\u015b\u0107 \u2013 prowadzi do rozwoju fizycznego i psychicznego. Poprzez wszechstronny rozw\u00f3j cech motorycznych akrobatyka jest wst\u0119pem do ka\u017cdej innej dyscypliny sportu. W zwi\u0105zku z rosn\u0105c\u0105 popularno\u015bci\u0105 akrobatyki sportowej wi\u0105\u017c\u0105c\u0105 si\u0119 z du\u017c\u0105 liczb\u0105 dzieci i m\u0142odzie\u017cy uprawiaj\u0105cych t\u0119 dyscyplin\u0119 sportu powsta\u0142a Liga Akrobatyczna umo\u017cliwiaj\u0105ca zaprezentowanie nabytych umiej\u0119tno\u015bci poprzez rywalizacj\u0119 sportow\u0105.<\/p>\n<!-- \/wp:paragraph --><!-- wp:paragraph -->\n<p><\/p>\n<!-- \/wp:paragraph --><!-- wp:paragraph {\"align\":\"center\",\"textColor\":\"black\"} -->\n<p class=\"has-text-align-center has-black-color has-text-color\">Uczestnictwo w akrobatycznym zawodach sportowych do tej pory ograniczone by\u0142o do wsp\u00f3\u0142pracy ze zwi\u0105zkami sportowymi \u2013 Liga Akrobatyczna umo\u017cliwia szerokiemu gronu podmiot\u00f3w dost\u0119p do rywalizacji sportowej bez formalnych ogranicze\u0144 w ten spos\u00f3b przyczyniaj\u0105c si\u0119 do rozwoju tej jak\u017ce warto\u015bciowej dyscypliny sportu. Ponadto uczestnictwo w rywalizacji sportowej sprzyja prze\u0142amywanie barier w zakresie autoprezentacji, zwi\u0119ksza pewno\u015b\u0107 siebie podczas wyst\u0119pu przed publiczno\u015bci\u0105 oraz kszta\u0142tuje w\u0142a\u015bciwe postawy spo\u0142eczne. Acro League to cykliczne zawody odbywaj\u0105ce si\u0119 w czasie roku szkolnego przeprowadzane w trzech kategoriach AcroBasic, AcroMedium, AcroPro, kt\u00f3rych zwie\u0144czeniem jest wy\u0142onienie zwyci\u0119zcy ligi w ka\u017cdej kategorii oraz nagrodzenie podmiot\u00f3w bior\u0105cych udzia\u0142 w rywalizacji.<\/p>\n<!-- \/wp:paragraph --><!-- wp:paragraph -->\n<p><\/p>\n<!-- \/wp:paragraph --><\/div>\n<\/div>\n<!-- \/wp:cover --><!-- wp:paragraph -->\n<p><\/p>\n<!-- \/wp:paragraph -->\t\t\t\t\t\t<\/div>\n\t\t\t\t<\/div>\n\t\t\t\t\t<\/div>\n\t\t<\/div>\n\t\t\t\t\t\t\t<\/div>\n\t\t<\/section>\n\t\t\t\t<div class=\"elementor-section elementor-top-section elementor-element elementor-element-3830bda elementor-section-full_width elementor-section-height-default elementor-section-height-default\" data-id=\"3830bda\" data-element_type=\"section\" data-settings=\"{&quot;background_background&quot;:&quot;classic&quot;}\">\n\t\t\t\t\t\t\t<div class=\"elementor-background-overlay\"><\/div>\n\t\t\t\t\t\t\t<div class=\"elementor-container elementor-column-gap-default\">\n\t\t\t\t\t<div class=\"elementor-column elementor-col-100 elementor-top-column elementor-element elementor-element-a479636\" data-id=\"a479636\" data-element_type=\"column\" data-settings=\"{&quot;background_background&quot;:&quot;classic&quot;}\">\n\t\t\t<div class=\"elementor-widget-wrap elementor-element-populated\">\n\t\t\t\t\t\t\t\t<div class=\"elementor-element elementor-element-1aa4c10 elementor-widget elementor-widget-text-editor\" data-id=\"1aa4c10\" data-element_type=\"widget\" data-widget_type=\"text-editor.default\">\n\t\t\t\t<div class=\"elementor-widget-container\">\n\t\t\t\t\t\t\t<!-- wp:html -->\n<section class=\"hestia-contact  section-image\" id=\"contact\" data-sorder=\"hestia_contact\">\n<div class=\"container\">\n<div class=\"row\">\n<div class=\"col-md-5 hestia-contact-title-area\">\n<h2 class=\"hestia-title\">Skontaktuj si\u0119 z nami<\/h2>\n<div class=\"hestia-description\">\n<div class=\"hestia-info info info-horizontal\"><\/div>\n<div class=\"hestia-info info info-horizontal\">\n<div class=\"description\">\n<h4 class=\"info-title\" style=\"color: black;\">Zadzwo\u0144 do nas!<\/h4>\n<h5><a href=\"tel:+48691254044\">+48 691 254 044<\/a><\/h5>\n<h4 class=\"info-title\" style=\"color: black;\">Napisz maila!<\/h4>\n<h5><a href=\"mailto:info@acroleague.com\"><span>info@acroleague.com<\/span><\/a><\/h5>\n<\/div>\n<\/div>\n<div><\/div>\n<\/div>\n<\/div>\n<div class=\"col-md-5 col-md-offset-2 hestia-contact-form-col\" style=\"margin-top: 30px;\">\n<div class=\"card card-contact\">\n<div class=\"header header-raised header-primary text-center\">\n<h4 class=\"card-title\">Skontaktuj si\u0119 z nami<\/h4>\n<\/div>\n<div class=\"content\"><div class=\"wpforms-container wpforms-container-full\" id=\"wpforms-72\"><form id=\"wpforms-form-72\" class=\"wpforms-validate wpforms-form\" data-formid=\"72\" method=\"post\" enctype=\"multipart\/form-data\" action=\"\/index.php\/wp-json\/wp\/v2\/pages\/24\" data-token=\"c869d689bc589e6bb406136180da76df\"><noscript class=\"wpforms-error-noscript\">Aby wype\u0142ni\u0107 ten formularz, w\u0142\u0105cz obs\u0142ug\u0119 JavaScript w przegl\u0105darce.<\/noscript><div class=\"wpforms-field-container\"><div id=\"wpforms-72-field_0-container\" class=\"wpforms-field wpforms-field-name wpforms-one-half wpforms-first\" data-field-id=\"0\"><label class=\"wpforms-field-label wpforms-label-hide\" for=\"wpforms-72-field_0\">Imi\u0119 <span class=\"wpforms-required-label\">*<\/span><\/label><input type=\"text\" id=\"wpforms-72-field_0\" class=\"wpforms-field-large wpforms-field-required\" name=\"wpforms[fields][0]\" placeholder=\"Imi\u0119\" required><\/div><div id=\"wpforms-72-field_3-container\" class=\"wpforms-field wpforms-field-email wpforms-one-half\" data-field-id=\"3\"><label class=\"wpforms-field-label wpforms-label-hide\" for=\"wpforms-72-field_3\">Adres e-mail <span class=\"wpforms-required-label\">*<\/span><\/label><input type=\"email\" id=\"wpforms-72-field_3\" class=\"wpforms-field-large wpforms-field-required\" name=\"wpforms[fields][3]\" placeholder=\"Adres email\" spellcheck=\"false\" required><\/div><div id=\"wpforms-72-field_4-container\" class=\"wpforms-field wpforms-field-text\" data-field-id=\"4\"><label class=\"wpforms-field-label wpforms-label-hide\" for=\"wpforms-72-field_4\">Temat<\/label><input type=\"text\" id=\"wpforms-72-field_4\" class=\"wpforms-field-large\" name=\"wpforms[fields][4]\" placeholder=\"Temat\" ><\/div><div id=\"wpforms-72-field_2-container\" class=\"wpforms-field wpforms-field-textarea\" data-field-id=\"2\"><label class=\"wpforms-field-label wpforms-label-hide\" for=\"wpforms-72-field_2\">Tre\u015b\u0107 wiadomo\u015bci <span class=\"wpforms-required-label\">*<\/span><\/label><textarea id=\"wpforms-72-field_2\" class=\"wpforms-field-medium wpforms-field-required\" name=\"wpforms[fields][2]\" placeholder=\"Tre\u015b\u0107 wiadomo\u015bci\" required><\/textarea><\/div><\/div><!-- .wpforms-field-container --><div class=\"wpforms-recaptcha-container wpforms-is-recaptcha\" ><div class=\"g-recaptcha\" data-sitekey=\"6LczBw4hAAAAAA-G8fwtSA6EQUEo2Dwv9-hdprri\"><\/div><input type=\"text\" name=\"g-recaptcha-hidden\" class=\"wpforms-recaptcha-hidden\" style=\"position:absolute!important;clip:rect(0,0,0,0)!important;height:1px!important;width:1px!important;border:0!important;overflow:hidden!important;padding:0!important;margin:0!important;\" data-rule-recaptcha=\"1\"><\/div><div class=\"wpforms-submit-container\" ><input type=\"hidden\" name=\"wpforms[id]\" value=\"72\"><input type=\"hidden\" name=\"wpforms[author]\" value=\"1\"><button type=\"submit\" name=\"wpforms[submit]\" id=\"wpforms-submit-72\" class=\"wpforms-submit\" data-alt-text=\"Wysy\u0142am...\" data-submit-text=\"Wy\u015blij wiadomo\u015b\u0107\" aria-live=\"assertive\" value=\"wpforms-submit\">Wy\u015blij wiadomo\u015b\u0107<\/button><\/div><\/form><\/div>  <!-- .wpforms-container --> <!-- .wpforms-container --><\/div>\n<p style=\"padding: 10px;\">Szczeg\u00f3\u0142owe informacje dotycz\u0105ce przetwarzania danych w linku: <a style=\"!important;cursor: pointer;\" href=\"https:\/\/acroleague.com\/index.php\/polityka-prywatnosci-2\/\">Polityka Prywatno\u015bci<\/a><\/p>\n<\/div>\n<\/div>\n<\/div>\n<\/div>\n<\/section>\n<!-- \/wp:html -->\t\t\t\t\t\t<\/div>\n\t\t\t\t<\/div>\n\t\t\t\t\t<\/div>\n\t\t<\/div>\n\t\t\t\t\t\t\t<\/div>\n\t\t<\/div>\n\t\t\t\t\t\t\t<\/div>\n\t\t","protected":false},"excerpt":{"rendered":"<p>O\u015bwiadczenie Rodzica Komunikat_AcroLeague_2 by Emotions Production on Scribd Oswiadczenie Rodzica AcroLeague2 by Emotions Production on Scribd Skontaktuj si\u0119 z nami Zadzwo\u0144 do nas! +48 691 254 044 Napisz maila! info@acroleague.com Skontaktuj si\u0119 z nami Szczeg\u00f3\u0142owe informacje dotycz\u0105ce przetwarzania danych w linku: Polityka Prywatno\u015bci<\/p>\n","protected":false},"author":1,"featured_media":0,"parent":0,"menu_order":0,"comment_status":"closed","ping_status":"closed","template":"","meta":[],"_links":{"self":[{"href":"https:\/\/acroleague.com\/index.php\/wp-json\/wp\/v2\/pages\/24"}],"collection":[{"href":"https:\/\/acroleague.com\/index.php\/wp-json\/wp\/v2\/pages"}],"about":[{"href":"https:\/\/acroleague.com\/index.php\/wp-json\/wp\/v2\/types\/page"}],"author":[{"embeddable":true,"href":"https:\/\/acroleague.com\/index.php\/wp-json\/wp\/v2\/users\/1"}],"replies":[{"embeddable":true,"href":"https:\/\/acroleague.com\/index.php\/wp-json\/wp\/v2\/comments?post=24"}],"version-history":[{"count":120,"href":"https:\/\/acroleague.com\/index.php\/wp-json\/wp\/v2\/pages\/24\/revisions"}],"predecessor-version":[{"id":715,"href":"https:\/\/acroleague.com\/index.php\/wp-json\/wp\/v2\/pages\/24\/revisions\/715"}],"wp:attachment":[{"href":"https:\/\/acroleague.com\/index.php\/wp-json\/wp\/v2\/media?parent=24"}],"curies":[{"name":"wp","href":"https:\/\/api.w.org\/{rel}","templated":true}]}}